{"id":897,"date":"2024-08-29T10:04:57","date_gmt":"2024-08-29T10:04:57","guid":{"rendered":"https:\/\/tartuvalgus.ee\/?page_id=897"},"modified":"2024-11-03T08:36:23","modified_gmt":"2024-11-03T08:36:23","slug":"tava2024-avakontsert","status":"publish","type":"page","link":"https:\/\/tartuvalgus.ee\/en\/tava2024-avakontsert\/","title":{"rendered":"TAVA2024 avakontsert: 07.11.2024"},"content":{"rendered":"<div data-elementor-type=\"wp-page\" data-elementor-id=\"897\" class=\"elementor elementor-897\" data-elementor-post-type=\"page\">\n\t\t\t\t<div class=\"elementor-element elementor-element-2e26e04 e-flex e-con-boxed e-con e-parent\" data-id=\"2e26e04\" data-element_type=\"container\" data-settings=\"{&quot;background_background&quot;:&quot;classic&quot;}\">\n\t\t\t\t\t<div class=\"e-con-inner\">\n\t\t\t\t<div class=\"elementor-element elementor-element-b6050b6 elementor-widget__width-initial elementor-widget elementor-widget-heading\" data-id=\"b6050b6\" data-element_type=\"widget\" data-widget_type=\"heading.default\">\n\t\t\t\t<div class=\"elementor-widget-container\">\n\t\t\t<h1 class=\"elementor-heading-title elementor-size-default\">07\/11 AVAKONTSERT \"LOOJ\u00d5EL\"<\/h1>\t\t<\/div>\n\t\t\t\t<\/div>\n\t\t\t\t\t<\/div>\n\t\t\t\t<\/div>\n\t\t<div class=\"elementor-element elementor-element-6b26d1b e-flex e-con-boxed e-con e-parent\" data-id=\"6b26d1b\" data-element_type=\"container\">\n\t\t\t\t\t<div class=\"e-con-inner\">\n\t\t\t\t<div class=\"elementor-element elementor-element-b7a4a35 elementor-widget elementor-widget-spacer\" data-id=\"b7a4a35\" data-element_type=\"widget\" data-widget_type=\"spacer.default\">\n\t\t\t\t<div class=\"elementor-widget-container\">\n\t\t\t\t\t<div class=\"elementor-spacer\">\n\t\t\t<div class=\"elementor-spacer-inner\"><\/div>\n\t\t<\/div>\n\t\t\t\t<\/div>\n\t\t\t\t<\/div>\n\t\t\t\t\t<\/div>\n\t\t\t\t<\/div>\n\t\t<div class=\"elementor-element elementor-element-4a76c08 e-flex e-con-boxed e-con e-parent\" data-id=\"4a76c08\" data-element_type=\"container\">\n\t\t\t\t\t<div class=\"e-con-inner\">\n\t\t<div class=\"elementor-element elementor-element-ce77537 e-con-full e-flex e-con e-child\" data-id=\"ce77537\" data-element_type=\"container\">\n\t\t\t\t<div class=\"elementor-element elementor-element-2d82df2 elementor-widget elementor-widget-text-editor\" data-id=\"2d82df2\" data-element_type=\"widget\" data-widget_type=\"text-editor.default\">\n\t\t\t\t<div class=\"elementor-widget-container\">\n\t\t\t\t\t\t\t<p>Performers<\/p>\t\t\t\t\t\t<\/div>\n\t\t\t\t<\/div>\n\t\t\t\t<div class=\"elementor-element elementor-element-625b80c elementor-widget__width-initial elementor-widget elementor-widget-text-editor\" data-id=\"625b80c\" data-element_type=\"widget\" data-widget_type=\"text-editor.default\">\n\t\t\t\t<div class=\"elementor-widget-container\">\n\t\t\t\t\t\t\t<p style=\"font-weight: 400;\"><strong>Meelika Hainsoo, <br \/>Krista Citra Joonas, <br \/>Andre Maaker<\/strong><\/p><p style=\"font-weight: 400;\"><strong>LOOJ\u00d5EL<\/strong><\/p>\t\t\t\t\t\t<\/div>\n\t\t\t\t<\/div>\n\t\t\t\t<\/div>\n\t\t<div class=\"elementor-element elementor-element-2bf2977 e-con-full e-flex e-con e-child\" data-id=\"2bf2977\" data-element_type=\"container\">\n\t\t\t\t<div class=\"elementor-element elementor-element-e71efa8 elementor-widget elementor-widget-image\" data-id=\"e71efa8\" data-element_type=\"widget\" data-widget_type=\"image.default\">\n\t\t\t\t<div class=\"elementor-widget-container\">\n\t\t\t\t\t\t\t\t\t\t\t\t\t<img fetchpriority=\"high\" decoding=\"async\" width=\"1024\" height=\"536\" src=\"https:\/\/tartuvalgus.ee\/wp-content\/uploads\/2024\/10\/Avakontsert_1920x1005-2-1024x536.jpg\" class=\"attachment-large size-large wp-image-3130\" alt=\"\" srcset=\"https:\/\/tartuvalgus.ee\/wp-content\/uploads\/2024\/10\/Avakontsert_1920x1005-2-1024x536.jpg 1024w, https:\/\/tartuvalgus.ee\/wp-content\/uploads\/2024\/10\/Avakontsert_1920x1005-2-300x157.jpg 300w, https:\/\/tartuvalgus.ee\/wp-content\/uploads\/2024\/10\/Avakontsert_1920x1005-2-768x402.jpg 768w, https:\/\/tartuvalgus.ee\/wp-content\/uploads\/2024\/10\/Avakontsert_1920x1005-2-1536x804.jpg 1536w, https:\/\/tartuvalgus.ee\/wp-content\/uploads\/2024\/10\/Avakontsert_1920x1005-2-18x9.jpg 18w, https:\/\/tartuvalgus.ee\/wp-content\/uploads\/2024\/10\/Avakontsert_1920x1005-2.jpg 1920w\" sizes=\"(max-width: 1024px) 100vw, 1024px\" \/>\t\t\t\t\t\t\t\t\t\t\t\t\t<\/div>\n\t\t\t\t<\/div>\n\t\t\t\t<\/div>\n\t\t\t\t\t<\/div>\n\t\t\t\t<\/div>\n\t\t<div class=\"elementor-element elementor-element-38e70c3 e-flex e-con-boxed e-con e-parent\" data-id=\"38e70c3\" data-element_type=\"container\">\n\t\t\t\t\t<div class=\"e-con-inner\">\n\t\t<div class=\"elementor-element elementor-element-a0038bb e-con-full e-flex e-con e-child\" data-id=\"a0038bb\" data-element_type=\"container\">\n\t\t\t\t<div class=\"elementor-element elementor-element-0fe0eb2 elementor-widget elementor-widget-text-editor\" data-id=\"0fe0eb2\" data-element_type=\"widget\" data-widget_type=\"text-editor.default\">\n\t\t\t\t<div class=\"elementor-widget-container\">\n\t\t\t\t\t\t\t<p>Date &amp; place<\/p>\t\t\t\t\t\t<\/div>\n\t\t\t\t<\/div>\n\t\t\t\t<\/div>\n\t\t<div class=\"elementor-element elementor-element-92ca6c7 e-con-full e-flex e-con e-child\" data-id=\"92ca6c7\" data-element_type=\"container\">\n\t\t\t\t<div class=\"elementor-element elementor-element-ef6d06e elementor-widget__width-initial elementor-widget elementor-widget-text-editor\" data-id=\"ef6d06e\" data-element_type=\"widget\" data-widget_type=\"text-editor.default\">\n\t\t\t\t<div class=\"elementor-widget-container\">\n\t\t\t\t\t\t\t<p><strong>7\/11\/24<\/strong><\/p><p><strong>At 20:00<\/strong><\/p><p><strong>Tartu \u00dclikooli Botaanikaaed\/ Alpinaarium<br \/><\/strong>Lai 38, Tartu<\/p><p>NB! Dress warmly, the concert will take place outdoors<\/p>\t\t\t\t\t\t<\/div>\n\t\t\t\t<\/div>\n\t\t\t\t<\/div>\n\t\t\t\t\t<\/div>\n\t\t\t\t<\/div>\n\t\t<div class=\"elementor-element elementor-element-0fbd0b9 e-flex e-con-boxed e-con e-parent\" data-id=\"0fbd0b9\" data-element_type=\"container\">\n\t\t\t\t\t<div class=\"e-con-inner\">\n\t\t<div class=\"elementor-element elementor-element-b94412e e-con-full e-flex e-con e-child\" data-id=\"b94412e\" data-element_type=\"container\">\n\t\t\t\t<div class=\"elementor-element elementor-element-7271891 elementor-widget elementor-widget-text-editor\" data-id=\"7271891\" data-element_type=\"widget\" data-widget_type=\"text-editor.default\">\n\t\t\t\t<div class=\"elementor-widget-container\">\n\t\t\t\t\t\t\t<p>LOOJ\u00d5EL<\/p>\t\t\t\t\t\t<\/div>\n\t\t\t\t<\/div>\n\t\t\t\t<\/div>\n\t\t<div class=\"elementor-element elementor-element-92c5727 e-con-full e-flex e-con e-child\" data-id=\"92c5727\" data-element_type=\"container\">\n\t\t\t\t<div class=\"elementor-element elementor-element-a0fb11d elementor-widget__width-initial elementor-widget elementor-widget-text-editor\" data-id=\"a0fb11d\" data-element_type=\"widget\" data-widget_type=\"text-editor.default\">\n\t\t\t\t<div class=\"elementor-widget-container\">\n\t\t\t\t\t\t\t<p style=\"font-weight: 400;\"><strong>Meelika Hainsoo<\/strong> \u2013 laul, hiiu kannel, viiul<br \/><strong>Krista Citra Joonas<\/strong> \u2013 bambusfl\u00f6\u00f6t bansuri<br \/><span style=\"font-weight: 400;\"><strong>Andre Maaker<\/strong> &#8211; kitarr<\/span><\/p><p><em>\u00d5htu\u00f5hk on nii vaikne ja vagusi uinub,<br \/><\/em><em>\u00f5rn udu on katnud k\u00f5ik maa, <br \/><\/em><em>minu paadike kiigub nii tasa, nii tasa,<br \/><\/em><em>seal musta j\u00f5e lainete peal&#8230;<\/em><\/p><div><span lang=\"ET\">Looj\u00f5el seilavad kolm oman\u00e4olist ja k\u00fcpset muusikut: Meelika Hainsoo, Krista Citra Joonas ja Andre Maaker. Meid kannavad lainetel vanad lugulaulud, millest iga\u00fches on talletunud mustrid ja j\u00e4ljed mitme p\u00f5lve esivanemate armastuse otsimisest ning leidmisest, elu ilust ja sageli ka valust. <\/span><\/div><div><span lang=\"ET\"><br \/>See kontsert on omalaadne sissevaade inimelu mitmekihilisse tundemaailma l\u00e4bi lauludeks saanud (elu)lugude. Kavva on valitud laulud meie rahvaluule nii vanemast kui uuemast kihistusest, mis, vaatamata oma vanusele, kirjeldavad ja annavad edasi ajatuid tundepilte. Igast laulust v\u00f5ib t\u00f5mmata mustrijooni t\u00e4nap\u00e4evagi inimeste ellu. Inimene on inimene, olgu ajad, millised tahes<\/span><\/div>\t\t\t\t\t\t<\/div>\n\t\t\t\t<\/div>\n\t\t\t\t<\/div>\n\t\t\t\t\t<\/div>\n\t\t\t\t<\/div>\n\t\t<div class=\"elementor-element elementor-element-926d26d e-flex e-con-boxed e-con e-parent\" data-id=\"926d26d\" data-element_type=\"container\">\n\t\t\t\t\t<div class=\"e-con-inner\">\n\t\t<div class=\"elementor-element elementor-element-5d6ac15 e-con-full e-flex e-con e-child\" data-id=\"5d6ac15\" data-element_type=\"container\">\n\t\t\t\t<div class=\"elementor-element elementor-element-d6a8ca3 elementor-widget elementor-widget-text-editor\" data-id=\"d6a8ca3\" data-element_type=\"widget\" data-widget_type=\"text-editor.default\">\n\t\t\t\t<div class=\"elementor-widget-container\">\n\t\t\t\t\t\t\t<p>Hind<\/p>\t\t\t\t\t\t<\/div>\n\t\t\t\t<\/div>\n\t\t\t\t<\/div>\n\t\t<div class=\"elementor-element elementor-element-5e7409a e-con-full e-flex e-con e-child\" data-id=\"5e7409a\" data-element_type=\"container\">\n\t\t\t\t<div class=\"elementor-element elementor-element-469bf39 elementor-widget__width-initial elementor-widget elementor-widget-text-editor\" data-id=\"469bf39\" data-element_type=\"widget\" data-widget_type=\"text-editor.default\">\n\t\t\t\t<div class=\"elementor-widget-container\">\n\t\t\t\t\t\t\t<p><span style=\"font-size: 16px;\">Hind festivali alale sissep\u00e4\u00e4su hinnas:<strong> 6 EUR<br \/><\/strong>The ticket can be bought on the spot or in advance <strong><a href=\"https:\/\/fienta.com\/et\/tartu-valgusfestival-tava24-tartu-botaanikaaed\" target=\"_blank\" rel=\"noopener\">FIENTA<\/a><\/strong><\/span><\/p>\t\t\t\t\t\t<\/div>\n\t\t\t\t<\/div>\n\t\t\t\t<\/div>\n\t\t\t\t\t<\/div>\n\t\t\t\t<\/div>\n\t\t<div class=\"elementor-element elementor-element-1b31f63 e-flex e-con-boxed e-con e-parent\" data-id=\"1b31f63\" data-element_type=\"container\">\n\t\t\t\t\t<div class=\"e-con-inner\">\n\t\t\t\t<div class=\"elementor-element elementor-element-9e1ef09 elementor-widget elementor-widget-heading\" data-id=\"9e1ef09\" data-element_type=\"widget\" data-widget_type=\"heading.default\">\n\t\t\t\t<div class=\"elementor-widget-container\">\n\t\t\t<h2 class=\"elementor-heading-title elementor-size-default\">Tutvu TAVA kontserditega<\/h2>\t\t<\/div>\n\t\t\t\t<\/div>\n\t\t\t\t\t<\/div>\n\t\t\t\t<\/div>\n\t\t<div class=\"elementor-element elementor-element-4651afa e-flex e-con-boxed e-con e-parent\" data-id=\"4651afa\" data-element_type=\"container\">\n\t\t\t\t\t<div class=\"e-con-inner\">\n\t\t\t\t<div class=\"elementor-element elementor-element-88e792b gallery-spacing-custom elementor-widget elementor-widget-image-gallery\" data-id=\"88e792b\" data-element_type=\"widget\" data-widget_type=\"image-gallery.default\">\n\t\t\t\t<div class=\"elementor-widget-container\">\n\t\t\t\t\t<div class=\"elementor-image-gallery\">\n\t\t\t<div id='gallery-1' class='gallery galleryid-897 gallery-columns-4 gallery-size-large'><figure class='gallery-item'>\n\t\t\t<div class='gallery-icon landscape'>\n\t\t\t\t<a data-elementor-open-lightbox=\"yes\" data-elementor-lightbox-slideshow=\"88e792b\" data-elementor-lightbox-title=\"BB5A0034\" data-e-action-hash=\"#elementor-action%3Aaction%3Dlightbox%26settings%3DeyJpZCI6NjE4LCJ1cmwiOiJodHRwczpcL1wvdGFydHV2YWxndXMuZWVcL3dwLWNvbnRlbnRcL3VwbG9hZHNcLzIwMjRcLzA4XC9CQjVBMDAzNC1zY2FsZWQuanBnIiwic2xpZGVzaG93IjoiODhlNzkyYiJ9\" href=\"https:\/\/tartuvalgus.ee\/wp-content\/uploads\/2024\/08\/BB5A0034-scaled.jpg\"><img decoding=\"async\" width=\"1024\" height=\"683\" src=\"https:\/\/tartuvalgus.ee\/wp-content\/uploads\/2024\/08\/BB5A0034-1024x683.jpg\" class=\"attachment-large size-large\" alt=\"\" srcset=\"https:\/\/tartuvalgus.ee\/wp-content\/uploads\/2024\/08\/BB5A0034-1024x683.jpg 1024w, https:\/\/tartuvalgus.ee\/wp-content\/uploads\/2024\/08\/BB5A0034-300x200.jpg 300w, https:\/\/tartuvalgus.ee\/wp-content\/uploads\/2024\/08\/BB5A0034-768x512.jpg 768w, https:\/\/tartuvalgus.ee\/wp-content\/uploads\/2024\/08\/BB5A0034-1536x1024.jpg 1536w, https:\/\/tartuvalgus.ee\/wp-content\/uploads\/2024\/08\/BB5A0034-2048x1365.jpg 2048w\" sizes=\"(max-width: 1024px) 100vw, 1024px\" \/><\/a>\n\t\t\t<\/div><\/figure><figure class='gallery-item'>\n\t\t\t<div class='gallery-icon landscape'>\n\t\t\t\t<a data-elementor-open-lightbox=\"yes\" data-elementor-lightbox-slideshow=\"88e792b\" data-elementor-lightbox-title=\"BB5A0524\" data-e-action-hash=\"#elementor-action%3Aaction%3Dlightbox%26settings%3DeyJpZCI6NjMwLCJ1cmwiOiJodHRwczpcL1wvdGFydHV2YWxndXMuZWVcL3dwLWNvbnRlbnRcL3VwbG9hZHNcLzIwMjRcLzA4XC9CQjVBMDUyNC1zY2FsZWQuanBnIiwic2xpZGVzaG93IjoiODhlNzkyYiJ9\" href=\"https:\/\/tartuvalgus.ee\/wp-content\/uploads\/2024\/08\/BB5A0524-scaled.jpg\"><img decoding=\"async\" width=\"1024\" height=\"576\" src=\"https:\/\/tartuvalgus.ee\/wp-content\/uploads\/2024\/08\/BB5A0524-1024x576.jpg\" class=\"attachment-large size-large\" alt=\"\" srcset=\"https:\/\/tartuvalgus.ee\/wp-content\/uploads\/2024\/08\/BB5A0524-1024x576.jpg 1024w, https:\/\/tartuvalgus.ee\/wp-content\/uploads\/2024\/08\/BB5A0524-300x169.jpg 300w, https:\/\/tartuvalgus.ee\/wp-content\/uploads\/2024\/08\/BB5A0524-768x432.jpg 768w, https:\/\/tartuvalgus.ee\/wp-content\/uploads\/2024\/08\/BB5A0524-1536x864.jpg 1536w, https:\/\/tartuvalgus.ee\/wp-content\/uploads\/2024\/08\/BB5A0524-2048x1152.jpg 2048w\" sizes=\"(max-width: 1024px) 100vw, 1024px\" \/><\/a>\n\t\t\t<\/div><\/figure><figure class='gallery-item'>\n\t\t\t<div class='gallery-icon landscape'>\n\t\t\t\t<a data-elementor-open-lightbox=\"yes\" data-elementor-lightbox-slideshow=\"88e792b\" data-elementor-lightbox-title=\"BB5A9795\" data-e-action-hash=\"#elementor-action%3Aaction%3Dlightbox%26settings%3DeyJpZCI6MTg1OCwidXJsIjoiaHR0cHM6XC9cL3RhcnR1dmFsZ3VzLmVlXC93cC1jb250ZW50XC91cGxvYWRzXC8yMDI0XC8xMFwvQkI1QTk3OTUtc2NhbGVkLmpwZyIsInNsaWRlc2hvdyI6Ijg4ZTc5MmIifQ%3D%3D\" href=\"https:\/\/tartuvalgus.ee\/wp-content\/uploads\/2024\/10\/BB5A9795-scaled.jpg\"><img loading=\"lazy\" decoding=\"async\" width=\"1024\" height=\"683\" src=\"https:\/\/tartuvalgus.ee\/wp-content\/uploads\/2024\/10\/BB5A9795-1024x683.jpg\" class=\"attachment-large size-large\" alt=\"\" srcset=\"https:\/\/tartuvalgus.ee\/wp-content\/uploads\/2024\/10\/BB5A9795-1024x683.jpg 1024w, https:\/\/tartuvalgus.ee\/wp-content\/uploads\/2024\/10\/BB5A9795-300x200.jpg 300w, https:\/\/tartuvalgus.ee\/wp-content\/uploads\/2024\/10\/BB5A9795-768x512.jpg 768w, https:\/\/tartuvalgus.ee\/wp-content\/uploads\/2024\/10\/BB5A9795-1536x1024.jpg 1536w, https:\/\/tartuvalgus.ee\/wp-content\/uploads\/2024\/10\/BB5A9795-2048x1365.jpg 2048w, https:\/\/tartuvalgus.ee\/wp-content\/uploads\/2024\/10\/BB5A9795-18x12.jpg 18w\" sizes=\"(max-width: 1024px) 100vw, 1024px\" \/><\/a>\n\t\t\t<\/div><\/figure><figure class='gallery-item'>\n\t\t\t<div class='gallery-icon landscape'>\n\t\t\t\t<a data-elementor-open-lightbox=\"yes\" data-elementor-lightbox-slideshow=\"88e792b\" data-elementor-lightbox-title=\"BB5A8371-scaled\" data-e-action-hash=\"#elementor-action%3Aaction%3Dlightbox%26settings%3DeyJpZCI6OTg4LCJ1cmwiOiJodHRwczpcL1wvdGFydHV2YWxndXMuZWVcL3dwLWNvbnRlbnRcL3VwbG9hZHNcLzIwMjRcLzA4XC9CQjVBODM3MS1zY2FsZWQtMS5qcGciLCJzbGlkZXNob3ciOiI4OGU3OTJiIn0%3D\" href=\"https:\/\/tartuvalgus.ee\/wp-content\/uploads\/2024\/08\/BB5A8371-scaled-1.jpg\"><img loading=\"lazy\" decoding=\"async\" width=\"1024\" height=\"683\" src=\"https:\/\/tartuvalgus.ee\/wp-content\/uploads\/2024\/08\/BB5A8371-scaled-1-1024x683.jpg\" class=\"attachment-large size-large\" alt=\"\" srcset=\"https:\/\/tartuvalgus.ee\/wp-content\/uploads\/2024\/08\/BB5A8371-scaled-1-1024x683.jpg 1024w, https:\/\/tartuvalgus.ee\/wp-content\/uploads\/2024\/08\/BB5A8371-scaled-1-300x200.jpg 300w, https:\/\/tartuvalgus.ee\/wp-content\/uploads\/2024\/08\/BB5A8371-scaled-1-768x512.jpg 768w, https:\/\/tartuvalgus.ee\/wp-content\/uploads\/2024\/08\/BB5A8371-scaled-1-1536x1024.jpg 1536w, https:\/\/tartuvalgus.ee\/wp-content\/uploads\/2024\/08\/BB5A8371-scaled-1-2048x1366.jpg 2048w, https:\/\/tartuvalgus.ee\/wp-content\/uploads\/2024\/08\/BB5A8371-scaled-1-18x12.jpg 18w\" sizes=\"(max-width: 1024px) 100vw, 1024px\" \/><\/a>\n\t\t\t<\/div><\/figure><figure class='gallery-item'>\n\t\t\t<div class='gallery-icon landscape'>\n\t\t\t\t<a data-elementor-open-lightbox=\"yes\" data-elementor-lightbox-slideshow=\"88e792b\" data-elementor-lightbox-title=\"BB5A8743\" data-e-action-hash=\"#elementor-action%3Aaction%3Dlightbox%26settings%3DeyJpZCI6NzE4LCJ1cmwiOiJodHRwczpcL1wvdGFydHV2YWxndXMuZWVcL3dwLWNvbnRlbnRcL3VwbG9hZHNcLzIwMjRcLzA4XC9CQjVBODc0My1zY2FsZWQuanBnIiwic2xpZGVzaG93IjoiODhlNzkyYiJ9\" href=\"https:\/\/tartuvalgus.ee\/wp-content\/uploads\/2024\/08\/BB5A8743-scaled.jpg\"><img loading=\"lazy\" decoding=\"async\" width=\"1024\" height=\"683\" src=\"https:\/\/tartuvalgus.ee\/wp-content\/uploads\/2024\/08\/BB5A8743-1024x683.jpg\" class=\"attachment-large size-large\" alt=\"\" srcset=\"https:\/\/tartuvalgus.ee\/wp-content\/uploads\/2024\/08\/BB5A8743-1024x683.jpg 1024w, https:\/\/tartuvalgus.ee\/wp-content\/uploads\/2024\/08\/BB5A8743-300x200.jpg 300w, https:\/\/tartuvalgus.ee\/wp-content\/uploads\/2024\/08\/BB5A8743-768x512.jpg 768w, https:\/\/tartuvalgus.ee\/wp-content\/uploads\/2024\/08\/BB5A8743-1536x1024.jpg 1536w, https:\/\/tartuvalgus.ee\/wp-content\/uploads\/2024\/08\/BB5A8743-2048x1365.jpg 2048w\" sizes=\"(max-width: 1024px) 100vw, 1024px\" \/><\/a>\n\t\t\t<\/div><\/figure><figure class='gallery-item'>\n\t\t\t<div class='gallery-icon landscape'>\n\t\t\t\t<a data-elementor-open-lightbox=\"yes\" data-elementor-lightbox-slideshow=\"88e792b\" data-elementor-lightbox-title=\"BB5A0083\" data-e-action-hash=\"#elementor-action%3Aaction%3Dlightbox%26settings%3DeyJpZCI6NjIxLCJ1cmwiOiJodHRwczpcL1wvdGFydHV2YWxndXMuZWVcL3dwLWNvbnRlbnRcL3VwbG9hZHNcLzIwMjRcLzA4XC9CQjVBMDA4My1zY2FsZWQuanBnIiwic2xpZGVzaG93IjoiODhlNzkyYiJ9\" href=\"https:\/\/tartuvalgus.ee\/wp-content\/uploads\/2024\/08\/BB5A0083-scaled.jpg\"><img loading=\"lazy\" decoding=\"async\" width=\"1024\" height=\"683\" src=\"https:\/\/tartuvalgus.ee\/wp-content\/uploads\/2024\/08\/BB5A0083-1024x683.jpg\" class=\"attachment-large size-large\" alt=\"\" srcset=\"https:\/\/tartuvalgus.ee\/wp-content\/uploads\/2024\/08\/BB5A0083-1024x683.jpg 1024w, https:\/\/tartuvalgus.ee\/wp-content\/uploads\/2024\/08\/BB5A0083-300x200.jpg 300w, https:\/\/tartuvalgus.ee\/wp-content\/uploads\/2024\/08\/BB5A0083-768x512.jpg 768w, https:\/\/tartuvalgus.ee\/wp-content\/uploads\/2024\/08\/BB5A0083-1536x1024.jpg 1536w, https:\/\/tartuvalgus.ee\/wp-content\/uploads\/2024\/08\/BB5A0083-2048x1365.jpg 2048w\" sizes=\"(max-width: 1024px) 100vw, 1024px\" \/><\/a>\n\t\t\t<\/div><\/figure><figure class='gallery-item'>\n\t\t\t<div class='gallery-icon landscape'>\n\t\t\t\t<a data-elementor-open-lightbox=\"yes\" data-elementor-lightbox-slideshow=\"88e792b\" data-elementor-lightbox-title=\"BB5A8691\" data-e-action-hash=\"#elementor-action%3Aaction%3Dlightbox%26settings%3DeyJpZCI6NzE3LCJ1cmwiOiJodHRwczpcL1wvdGFydHV2YWxndXMuZWVcL3dwLWNvbnRlbnRcL3VwbG9hZHNcLzIwMjRcLzA4XC9CQjVBODY5MS1zY2FsZWQuanBnIiwic2xpZGVzaG93IjoiODhlNzkyYiJ9\" href=\"https:\/\/tartuvalgus.ee\/wp-content\/uploads\/2024\/08\/BB5A8691-scaled.jpg\"><img loading=\"lazy\" decoding=\"async\" width=\"1024\" height=\"683\" src=\"https:\/\/tartuvalgus.ee\/wp-content\/uploads\/2024\/08\/BB5A8691-1024x683.jpg\" class=\"attachment-large size-large\" alt=\"\" srcset=\"https:\/\/tartuvalgus.ee\/wp-content\/uploads\/2024\/08\/BB5A8691-1024x683.jpg 1024w, https:\/\/tartuvalgus.ee\/wp-content\/uploads\/2024\/08\/BB5A8691-300x200.jpg 300w, https:\/\/tartuvalgus.ee\/wp-content\/uploads\/2024\/08\/BB5A8691-768x512.jpg 768w, https:\/\/tartuvalgus.ee\/wp-content\/uploads\/2024\/08\/BB5A8691-1536x1024.jpg 1536w, https:\/\/tartuvalgus.ee\/wp-content\/uploads\/2024\/08\/BB5A8691-2048x1365.jpg 2048w\" sizes=\"(max-width: 1024px) 100vw, 1024px\" \/><\/a>\n\t\t\t<\/div><\/figure><figure class='gallery-item'>\n\t\t\t<div class='gallery-icon landscape'>\n\t\t\t\t<a data-elementor-open-lightbox=\"yes\" data-elementor-lightbox-slideshow=\"88e792b\" data-elementor-lightbox-title=\"BB5A0095\" data-e-action-hash=\"#elementor-action%3Aaction%3Dlightbox%26settings%3DeyJpZCI6NjIyLCJ1cmwiOiJodHRwczpcL1wvdGFydHV2YWxndXMuZWVcL3dwLWNvbnRlbnRcL3VwbG9hZHNcLzIwMjRcLzA4XC9CQjVBMDA5NS1zY2FsZWQuanBnIiwic2xpZGVzaG93IjoiODhlNzkyYiJ9\" href=\"https:\/\/tartuvalgus.ee\/wp-content\/uploads\/2024\/08\/BB5A0095-scaled.jpg\"><img loading=\"lazy\" decoding=\"async\" width=\"1024\" height=\"683\" src=\"https:\/\/tartuvalgus.ee\/wp-content\/uploads\/2024\/08\/BB5A0095-1024x683.jpg\" class=\"attachment-large size-large\" alt=\"\" srcset=\"https:\/\/tartuvalgus.ee\/wp-content\/uploads\/2024\/08\/BB5A0095-1024x683.jpg 1024w, https:\/\/tartuvalgus.ee\/wp-content\/uploads\/2024\/08\/BB5A0095-300x200.jpg 300w, https:\/\/tartuvalgus.ee\/wp-content\/uploads\/2024\/08\/BB5A0095-768x512.jpg 768w, https:\/\/tartuvalgus.ee\/wp-content\/uploads\/2024\/08\/BB5A0095-1536x1024.jpg 1536w, https:\/\/tartuvalgus.ee\/wp-content\/uploads\/2024\/08\/BB5A0095-2048x1365.jpg 2048w\" sizes=\"(max-width: 1024px) 100vw, 1024px\" \/><\/a>\n\t\t\t<\/div><\/figure>\n\t\t<\/div>\n\t\t<\/div>\n\t\t\t\t<\/div>\n\t\t\t\t<\/div>\n\t\t\t\t\t<\/div>\n\t\t\t\t<\/div>\n\t\t\t\t<\/div>","protected":false},"excerpt":{"rendered":"<p>07\/11 AVAKONTSERT &#8220;LOOJ\u00d5EL&#8221; Esinejad Meelika Hainsoo, Krista Citra Joonas, Andre Maaker LOOJ\u00d5EL Aeg ja koht 7\/11\/24 Kell 20:00 Tartu \u00dclikooli Botaanikaaed\/ AlpinaariumLai 38, Tartu NB! Pange soojalt riidesse, kontsert toimub v\u00e4litingimustes LOOJ\u00d5EL Meelika Hainsoo \u2013 laul, hiiu kannel, viiulKrista Citra Joonas \u2013 bambusfl\u00f6\u00f6t bansuriAndre Maaker &#8211; kitarr \u00d5htu\u00f5hk on nii vaikne ja vagusi uinub,\u00f5rn udu [&hellip;]<\/p>","protected":false},"author":3,"featured_media":0,"parent":0,"menu_order":0,"comment_status":"closed","ping_status":"closed","template":"","meta":{"site-sidebar-layout":"no-sidebar","site-content-layout":"","ast-site-content-layout":"full-width-container","site-content-style":"default","site-sidebar-style":"default","ast-global-header-display":"","ast-banner-title-visibility":"","ast-main-header-display":"","ast-hfb-above-header-display":"","ast-hfb-below-header-display":"","ast-hfb-mobile-header-display":"","site-post-title":"disabled","ast-breadcrumbs-content":"","ast-featured-img":"disabled","footer-sml-layout":"","theme-transparent-header-meta":"","adv-header-id-meta":"","stick-header-meta":"","header-above-stick-meta":"","header-main-stick-meta":"","header-below-stick-meta":"","astra-migrate-meta-layouts":"default","ast-page-background-enabled":"default","ast-page-background-meta":{"desktop":{"background-color":"var(--ast-global-color-4)","background-image":"","background-repeat":"repeat","background-position":"center center","background-size":"auto","background-attachment":"scroll","background-type":"","background-media":"","overlay-type":"","overlay-color":"","overlay-opacity":"","overlay-gradient":""},"tablet":{"background-color":"","background-image":"","background-repeat":"repeat","background-position":"center center","background-size":"auto","background-attachment":"scroll","background-type":"","background-media":"","overlay-type":"","overlay-color":"","overlay-opacity":"","overlay-gradient":""},"mobile":{"background-color":"","background-image":"","background-repeat":"repeat","background-position":"center center","background-size":"auto","background-attachment":"scroll","background-type":"","background-media":"","overlay-type":"","overlay-color":"","overlay-opacity":"","overlay-gradient":""}},"ast-content-background-meta":{"desktop":{"background-color":"var(--ast-global-color-5)","background-image":"","background-repeat":"repeat","background-position":"center center","background-size":"auto","background-attachment":"scroll","background-type":"","background-media":"","overlay-type":"","overlay-color":"","overlay-opacity":"","overlay-gradient":""},"tablet":{"background-color":"var(--ast-global-color-5)","background-image":"","background-repeat":"repeat","background-position":"center center","background-size":"auto","background-attachment":"scroll","background-type":"","background-media":"","overlay-type":"","overlay-color":"","overlay-opacity":"","overlay-gradient":""},"mobile":{"background-color":"var(--ast-global-color-5)","background-image":"","background-repeat":"repeat","background-position":"center center","background-size":"auto","background-attachment":"scroll","background-type":"","background-media":"","overlay-type":"","overlay-color":"","overlay-opacity":"","overlay-gradient":""}},"footnotes":""},"class_list":["post-897","page","type-page","status-publish","hentry"],"_links":{"self":[{"href":"https:\/\/tartuvalgus.ee\/en\/wp-json\/wp\/v2\/pages\/897","targetHints":{"allow":["GET"]}}],"collection":[{"href":"https:\/\/tartuvalgus.ee\/en\/wp-json\/wp\/v2\/pages"}],"about":[{"href":"https:\/\/tartuvalgus.ee\/en\/wp-json\/wp\/v2\/types\/page"}],"author":[{"embeddable":true,"href":"https:\/\/tartuvalgus.ee\/en\/wp-json\/wp\/v2\/users\/3"}],"replies":[{"embeddable":true,"href":"https:\/\/tartuvalgus.ee\/en\/wp-json\/wp\/v2\/comments?post=897"}],"version-history":[{"count":167,"href":"https:\/\/tartuvalgus.ee\/en\/wp-json\/wp\/v2\/pages\/897\/revisions"}],"predecessor-version":[{"id":4155,"href":"https:\/\/tartuvalgus.ee\/en\/wp-json\/wp\/v2\/pages\/897\/revisions\/4155"}],"wp:attachment":[{"href":"https:\/\/tartuvalgus.ee\/en\/wp-json\/wp\/v2\/media?parent=897"}],"curies":[{"name":"wp","href":"https:\/\/api.w.org\/{rel}","templated":true}]}}