{"id":4220,"date":"2024-11-03T11:28:51","date_gmt":"2024-11-03T11:28:51","guid":{"rendered":"https:\/\/tartuvalgus.ee\/?page_id=4220"},"modified":"2024-11-03T11:28:52","modified_gmt":"2024-11-03T11:28:52","slug":"uudised-2","status":"publish","type":"page","link":"https:\/\/tartuvalgus.ee\/en\/uudised-2\/","title":{"rendered":"News"},"content":{"rendered":"<p><\/p>\n\n\n\n<div class=\"wp-block-group alignfull has-background-background-color has-background is-layout-constrained wp-container-core-group-is-layout-28549256 wp-block-group-is-layout-constrained\" style=\"margin-top:0;margin-bottom:0;padding-top:var(--wp--preset--spacing--60);padding-right:var(--wp--preset--spacing--30);padding-bottom:var(--wp--preset--spacing--60);padding-left:var(--wp--preset--spacing--30)\">\n<div class=\"wp-block-columns alignwide is-layout-flex wp-container-core-columns-is-layout-28f84493 wp-block-columns-is-layout-flex\">\n<div class=\"wp-block-column is-layout-flow wp-block-column-is-layout-flow\" style=\"flex-basis:33.33%\">\n<h2 class=\"wp-block-heading has-large-font-size\">Latest from Our Blog<\/h2>\n\n\n\n<p style=\"margin-top:16px\">Discover a wealth of expert insights on digital media and branding trends, articles, and tips for an enriching experience.<\/p>\n<\/div>\n\n\n\n<div class=\"wp-block-column is-layout-flow wp-container-core-column-is-layout-22223934 wp-block-column-is-layout-flow\" style=\"flex-basis:66.66%\">\n<div data-wp-context=\"{}\" data-wp-interactive=\"core\/query\" data-wp-key=\"10\" data-wp-router-region=\"query-10\" class=\"wp-block-query alignwide is-layout-flow wp-block-query-is-layout-flow\"><ul class=\"columns-1 wp-block-post-template is-layout-grid wp-container-core-post-template-is-layout-33ea06d9 wp-block-post-template-is-layout-grid\"><li data-wp-key=\"post-template-item-4034\" class=\"wp-block-post post-4034 post type-post status-publish format-standard has-post-thumbnail hentry category-uncategorized\">\n\n<div class=\"wp-block-media-text is-stacked-on-mobile is-vertically-aligned-center has-tertiary-background-color has-background is-image-fill-element\"><figure  class=\"wp-block-media-text__media\"><img fetchpriority=\"high\" decoding=\"async\" width=\"1553\" height=\"1553\" alt=\"\" src=\"https:\/\/tartuvalgus.ee\/wp-content\/uploads\/2024\/09\/Kroot_Tarkmeel_Photography_MG_0001-e1728253982334.jpg\" style=\"object-position:50% 50%;\" class=\"wp-image-1133 size-full\" srcset=\"https:\/\/tartuvalgus.ee\/wp-content\/uploads\/2024\/09\/Kroot_Tarkmeel_Photography_MG_0001-e1728253982334.jpg 1553w, https:\/\/tartuvalgus.ee\/wp-content\/uploads\/2024\/09\/Kroot_Tarkmeel_Photography_MG_0001-e1728253982334-150x150.jpg 150w, https:\/\/tartuvalgus.ee\/wp-content\/uploads\/2024\/09\/Kroot_Tarkmeel_Photography_MG_0001-e1728253982334-300x300.jpg 300w, https:\/\/tartuvalgus.ee\/wp-content\/uploads\/2024\/09\/Kroot_Tarkmeel_Photography_MG_0001-e1728253982334-768x768.jpg 768w, https:\/\/tartuvalgus.ee\/wp-content\/uploads\/2024\/09\/Kroot_Tarkmeel_Photography_MG_0001-e1728253982334-1024x1024.jpg 1024w, https:\/\/tartuvalgus.ee\/wp-content\/uploads\/2024\/09\/Kroot_Tarkmeel_Photography_MG_0001-e1728253982334-1536x1536.jpg 1536w, https:\/\/tartuvalgus.ee\/wp-content\/uploads\/2024\/09\/Kroot_Tarkmeel_Photography_MG_0001-e1728253982334-12x12.jpg 12w\" sizes=\"(max-width: 1553px) 100vw, 1553px\" \/><\/figure><div class=\"wp-block-media-text__content\">\n<div class=\"wp-block-group is-layout-constrained wp-block-group-is-layout-constrained\" style=\"padding-top:var(--wp--preset--spacing--30);padding-bottom:var(--wp--preset--spacing--30)\"><div class=\"taxonomy-category has-link-color wp-elements-2bac158711617329ff66a9b07b2da425 wp-block-post-terms has-small-font-size\"><a href=\"https:\/\/tartuvalgus.ee\/en\/category\/uncategorized\/\" rel=\"tag\">Uncategorized<\/a><\/div>\n\n<h2 style=\"font-size:1.25rem; margin-top:6px;margin-bottom:12px;\" class=\"wp-block-post-title\"><a href=\"https:\/\/tartuvalgus.ee\/en\/tava2024-visuaalse-identiteedi-autor-on-margus-tamm\/\" target=\"_self\">TAVA2024 visuaalse identiteedi autor on Margus Tamm<\/a><\/h2>\n\n<div style=\"margin-top:0;margin-bottom:0;\" class=\"wp-block-post-excerpt has-small-font-size\"><p class=\"wp-block-post-excerpt__excerpt\">Valgusfestivali TAVA2024 visuaalse identiteedi autor on Margus Tamm. Meil on igal festivalil uhke tunne enda&hellip; <\/p><\/div><\/div>\n<\/div><\/div>\n\n<\/li><li data-wp-key=\"post-template-item-4261\" class=\"wp-block-post post-4261 post type-post status-publish format-standard has-post-thumbnail hentry category-uncategorized\">\n\n<div class=\"wp-block-media-text is-stacked-on-mobile is-vertically-aligned-center has-tertiary-background-color has-background is-image-fill-element\"><figure  class=\"wp-block-media-text__media\"><img decoding=\"async\" width=\"2560\" height=\"1920\" alt=\"\" src=\"https:\/\/tartuvalgus.ee\/wp-content\/uploads\/2024\/11\/IMG_3793-scaled.jpeg\" style=\"object-position:50% 50%;\" class=\"wp-image-4262 size-full\" srcset=\"https:\/\/tartuvalgus.ee\/wp-content\/uploads\/2024\/11\/IMG_3793-scaled.jpeg 2560w, https:\/\/tartuvalgus.ee\/wp-content\/uploads\/2024\/11\/IMG_3793-300x225.jpeg 300w, https:\/\/tartuvalgus.ee\/wp-content\/uploads\/2024\/11\/IMG_3793-1024x768.jpeg 1024w, https:\/\/tartuvalgus.ee\/wp-content\/uploads\/2024\/11\/IMG_3793-768x576.jpeg 768w, https:\/\/tartuvalgus.ee\/wp-content\/uploads\/2024\/11\/IMG_3793-1536x1152.jpeg 1536w, https:\/\/tartuvalgus.ee\/wp-content\/uploads\/2024\/11\/IMG_3793-2048x1536.jpeg 2048w, https:\/\/tartuvalgus.ee\/wp-content\/uploads\/2024\/11\/IMG_3793-16x12.jpeg 16w\" sizes=\"(max-width: 2560px) 100vw, 2560px\" \/><\/figure><div class=\"wp-block-media-text__content\">\n<div class=\"wp-block-group is-layout-constrained wp-block-group-is-layout-constrained\" style=\"padding-top:var(--wp--preset--spacing--30);padding-bottom:var(--wp--preset--spacing--30)\"><div class=\"taxonomy-category has-link-color wp-elements-2bac158711617329ff66a9b07b2da425 wp-block-post-terms has-small-font-size\"><a href=\"https:\/\/tartuvalgus.ee\/en\/category\/uncategorized\/\" rel=\"tag\">Uncategorized<\/a><\/div>\n\n<h2 style=\"font-size:1.25rem; margin-top:6px;margin-bottom:12px;\" class=\"wp-block-post-title\"><a href=\"https:\/\/tartuvalgus.ee\/en\/tava2024-valgusdisaini-tootuba-katab-botaanikaaia-valgusega\/\" target=\"_self\">TAVA2024 valgusdisaini t\u00f6\u00f6tuba katab botaanikaaia valgusega<\/a><\/h2>\n\n<div style=\"margin-top:0;margin-bottom:0;\" class=\"wp-block-post-excerpt has-small-font-size\"><p class=\"wp-block-post-excerpt__excerpt\">Valgusfestivali TAVA2024 valgusdisaini t\u00f6\u00f6toas osalejad on j\u00f5udnud t\u00f6\u00f6p\u00e4eva kolmanda p\u00e4evani. Juhendajate Chiara Carucci ja Marko&hellip; <\/p><\/div><\/div>\n<\/div><\/div>\n\n<\/li><\/ul>\n\n<\/div>\n<\/div>\n<\/div>\n<\/div>\n\n\n\n<p><\/p>","protected":false},"excerpt":{"rendered":"<p>Latest from Our Blog Discover a wealth of expert insights on digital media and branding trends, articles, and tips for an enriching experience.<\/p>","protected":false},"author":2,"featured_media":0,"parent":0,"menu_order":0,"comment_status":"closed","ping_status":"closed","template":"","meta":{"site-sidebar-layout":"default","site-content-layout":"","ast-site-content-layout":"default","site-content-style":"default","site-sidebar-style":"default","ast-global-header-display":"","ast-banner-title-visibility":"","ast-main-header-display":"","ast-hfb-above-header-display":"","ast-hfb-below-header-display":"","ast-hfb-mobile-header-display":"","site-post-title":"","ast-breadcrumbs-content":"","ast-featured-img":"","footer-sml-layout":"","theme-transparent-header-meta":"","adv-header-id-meta":"","stick-header-meta":"","header-above-stick-meta":"","header-main-stick-meta":"","header-below-stick-meta":"","astra-migrate-meta-layouts":"default","ast-page-background-enabled":"default","ast-page-background-meta":{"desktop":{"background-color":"var(--ast-global-color-4)","background-image":"","background-repeat":"repeat","background-position":"center center","background-size":"auto","background-attachment":"scroll","background-type":"","background-media":"","overlay-type":"","overlay-color":"","overlay-opacity":"","overlay-gradient":""},"tablet":{"background-color":"","background-image":"","background-repeat":"repeat","background-position":"center center","background-size":"auto","background-attachment":"scroll","background-type":"","background-media":"","overlay-type":"","overlay-color":"","overlay-opacity":"","overlay-gradient":""},"mobile":{"background-color":"","background-image":"","background-repeat":"repeat","background-position":"center center","background-size":"auto","background-attachment":"scroll","background-type":"","background-media":"","overlay-type":"","overlay-color":"","overlay-opacity":"","overlay-gradient":""}},"ast-content-background-meta":{"desktop":{"background-color":"var(--ast-global-color-5)","background-image":"","background-repeat":"repeat","background-position":"center center","background-size":"auto","background-attachment":"scroll","background-type":"","background-media":"","overlay-type":"","overlay-color":"","overlay-opacity":"","overlay-gradient":""},"tablet":{"background-color":"var(--ast-global-color-5)","background-image":"","background-repeat":"repeat","background-position":"center center","background-size":"auto","background-attachment":"scroll","background-type":"","background-media":"","overlay-type":"","overlay-color":"","overlay-opacity":"","overlay-gradient":""},"mobile":{"background-color":"var(--ast-global-color-5)","background-image":"","background-repeat":"repeat","background-position":"center center","background-size":"auto","background-attachment":"scroll","background-type":"","background-media":"","overlay-type":"","overlay-color":"","overlay-opacity":"","overlay-gradient":""}},"footnotes":""},"class_list":["post-4220","page","type-page","status-publish","hentry"],"_links":{"self":[{"href":"https:\/\/tartuvalgus.ee\/en\/wp-json\/wp\/v2\/pages\/4220","targetHints":{"allow":["GET"]}}],"collection":[{"href":"https:\/\/tartuvalgus.ee\/en\/wp-json\/wp\/v2\/pages"}],"about":[{"href":"https:\/\/tartuvalgus.ee\/en\/wp-json\/wp\/v2\/types\/page"}],"author":[{"embeddable":true,"href":"https:\/\/tartuvalgus.ee\/en\/wp-json\/wp\/v2\/users\/2"}],"replies":[{"embeddable":true,"href":"https:\/\/tartuvalgus.ee\/en\/wp-json\/wp\/v2\/comments?post=4220"}],"version-history":[{"count":1,"href":"https:\/\/tartuvalgus.ee\/en\/wp-json\/wp\/v2\/pages\/4220\/revisions"}],"predecessor-version":[{"id":4221,"href":"https:\/\/tartuvalgus.ee\/en\/wp-json\/wp\/v2\/pages\/4220\/revisions\/4221"}],"wp:attachment":[{"href":"https:\/\/tartuvalgus.ee\/en\/wp-json\/wp\/v2\/media?parent=4220"}],"curies":[{"name":"wp","href":"https:\/\/api.w.org\/{rel}","templated":true}]}}