{"id":1637,"date":"2024-10-07T16:08:26","date_gmt":"2024-10-07T16:08:26","guid":{"rendered":"https:\/\/tartuvalgus.ee\/?page_id=1637"},"modified":"2026-02-11T10:41:58","modified_gmt":"2026-02-11T10:41:58","slug":"korvalprogramm","status":"publish","type":"page","link":"https:\/\/tartuvalgus.ee\/en\/korvalprogramm\/","title":{"rendered":"Side program"},"content":{"rendered":"<div data-elementor-type=\"wp-page\" data-elementor-id=\"1637\" class=\"elementor elementor-1637\" data-elementor-post-type=\"page\">\n\t\t\t\t<div class=\"elementor-element elementor-element-25ca130 e-flex e-con-boxed e-con e-parent\" data-id=\"25ca130\" data-element_type=\"container\" data-settings=\"{&quot;background_background&quot;:&quot;classic&quot;}\">\n\t\t\t\t\t<div class=\"e-con-inner\">\n\t\t\t\t<div class=\"elementor-element elementor-element-736041e elementor-widget__width-initial e-transform elementor-widget elementor-widget-heading\" data-id=\"736041e\" data-element_type=\"widget\" data-settings=\"{&quot;_transform_translateX_effect&quot;:{&quot;unit&quot;:&quot;px&quot;,&quot;size&quot;:25,&quot;sizes&quot;:[]},&quot;_transform_translateX_effect_tablet&quot;:{&quot;unit&quot;:&quot;px&quot;,&quot;size&quot;:&quot;&quot;,&quot;sizes&quot;:[]},&quot;_transform_translateX_effect_mobile&quot;:{&quot;unit&quot;:&quot;px&quot;,&quot;size&quot;:&quot;&quot;,&quot;sizes&quot;:[]},&quot;_transform_translateY_effect&quot;:{&quot;unit&quot;:&quot;px&quot;,&quot;size&quot;:&quot;&quot;,&quot;sizes&quot;:[]},&quot;_transform_translateY_effect_tablet&quot;:{&quot;unit&quot;:&quot;px&quot;,&quot;size&quot;:&quot;&quot;,&quot;sizes&quot;:[]},&quot;_transform_translateY_effect_mobile&quot;:{&quot;unit&quot;:&quot;px&quot;,&quot;size&quot;:&quot;&quot;,&quot;sizes&quot;:[]}}\" data-widget_type=\"heading.default\">\n\t\t\t\t<div class=\"elementor-widget-container\">\n\t\t\t<h1 class=\"elementor-heading-title elementor-size-default\">K\u00d5RVALPROGRAMM 2024<\/h1>\t\t<\/div>\n\t\t\t\t<\/div>\n\t\t\t\t\t<\/div>\n\t\t\t\t<\/div>\n\t\t<div class=\"elementor-element elementor-element-1907002 e-flex e-con-boxed e-con e-parent\" data-id=\"1907002\" data-element_type=\"container\">\n\t\t\t\t\t<div class=\"e-con-inner\">\n\t\t<div class=\"elementor-element elementor-element-227c593 e-con-full e-flex e-con e-child\" data-id=\"227c593\" data-element_type=\"container\">\n\t\t\t\t<div class=\"elementor-element elementor-element-280df64 elementor-widget elementor-widget-heading\" data-id=\"280df64\" data-element_type=\"widget\" data-widget_type=\"heading.default\">\n\t\t\t\t<div class=\"elementor-widget-container\">\n\t\t\t<h2 class=\"elementor-heading-title elementor-size-default\">TARTU LIGHT BIENNALE TAVA26<\/h2>\t\t<\/div>\n\t\t\t\t<\/div>\n\t\t\t\t<\/div>\n\t\t<div class=\"elementor-element elementor-element-b9706e5 e-con-full e-flex e-con e-child\" data-id=\"b9706e5\" data-element_type=\"container\">\n\t\t\t\t<div class=\"elementor-element elementor-element-14060d0 elementor-widget elementor-widget-text-editor\" data-id=\"14060d0\" data-element_type=\"widget\" data-widget_type=\"text-editor.default\">\n\t\t\t\t<div class=\"elementor-widget-container\">\n\t\t\t\t\t\t\t<p><span style=\"font-style: inherit; font-weight: inherit; letter-spacing: 0px;\">Tartu Valgusbiennaal 2026 on ettevalmistamisel.<br data-start=\"400\" data-end=\"403\" \/>Information about the program, participants, and venues will be announced soon.<\/span><\/p><p><span style=\"font-style: inherit; font-weight: inherit; letter-spacing: 0px;\">Festival is organised by <\/span><a style=\"font-style: inherit; background-color: #ffffff;\" href=\"https:\/\/tartuvalgus.ee\/en\/mtu-valgusklubi\/\">NGO Valgusklubi<\/a><span style=\"font-style: inherit; font-weight: inherit; letter-spacing: 0px;\">.<\/span><\/p>\t\t\t\t\t\t<\/div>\n\t\t\t\t<\/div>\n\t\t\t\t<\/div>\n\t\t\t\t\t<\/div>\n\t\t\t\t<\/div>\n\t\t<div class=\"elementor-element elementor-element-6abd931 e-flex e-con-boxed e-con e-parent\" data-id=\"6abd931\" data-element_type=\"container\">\n\t\t\t\t\t<div class=\"e-con-inner\">\n\t\t<div class=\"elementor-element elementor-element-29a1ef1 e-con-full e-flex e-con e-child\" data-id=\"29a1ef1\" data-element_type=\"container\">\n\t\t\t\t<div class=\"elementor-element elementor-element-8de4521 elementor-position-top elementor-widget elementor-widget-image-box\" data-id=\"8de4521\" data-element_type=\"widget\" data-widget_type=\"image-box.default\">\n\t\t\t\t<div class=\"elementor-widget-container\">\n\t\t\t<div class=\"elementor-image-box-wrapper\"><figure class=\"elementor-image-box-img\"><a href=\"https:\/\/tartuvalgus.ee\/en\/karbeste-mass\/\" tabindex=\"-1\"><img fetchpriority=\"high\" decoding=\"async\" width=\"1024\" height=\"683\" src=\"https:\/\/tartuvalgus.ee\/wp-content\/uploads\/2024\/10\/karbeste_mass-1024x683.jpg\" class=\"attachment-large size-large wp-image-3266\" alt=\"\" srcset=\"https:\/\/tartuvalgus.ee\/wp-content\/uploads\/2024\/10\/karbeste_mass-1024x683.jpg 1024w, https:\/\/tartuvalgus.ee\/wp-content\/uploads\/2024\/10\/karbeste_mass-300x200.jpg 300w, https:\/\/tartuvalgus.ee\/wp-content\/uploads\/2024\/10\/karbeste_mass-768x513.jpg 768w, https:\/\/tartuvalgus.ee\/wp-content\/uploads\/2024\/10\/karbeste_mass-18x12.jpg 18w, https:\/\/tartuvalgus.ee\/wp-content\/uploads\/2024\/10\/karbeste_mass.jpg 1440w\" sizes=\"(max-width: 1024px) 100vw, 1024px\" \/><\/a><\/figure><div class=\"elementor-image-box-content\"><p class=\"elementor-image-box-description\">K\u00c4RBESTE M\u00c4SS<\/p><\/div><\/div>\t\t<\/div>\n\t\t\t\t<\/div>\n\t\t\t\t<\/div>\n\t\t<div class=\"elementor-element elementor-element-4ff5a15 e-con-full e-flex e-con e-child\" data-id=\"4ff5a15\" data-element_type=\"container\">\n\t\t\t\t<div class=\"elementor-element elementor-element-5c5ef89 elementor-position-top elementor-widget elementor-widget-image-box\" data-id=\"5c5ef89\" data-element_type=\"widget\" data-widget_type=\"image-box.default\">\n\t\t\t\t<div class=\"elementor-widget-container\">\n\t\t\t<div class=\"elementor-image-box-wrapper\"><figure class=\"elementor-image-box-img\"><a href=\"https:\/\/tartuvalgus.ee\/en\/tootoad-botaanika-aias\/\" tabindex=\"-1\"><img decoding=\"async\" width=\"2048\" height=\"1365\" src=\"https:\/\/tartuvalgus.ee\/wp-content\/uploads\/2024\/11\/54126204576_8b04c3d82a_k.jpg\" class=\"attachment-full size-full wp-image-4459\" alt=\"\" srcset=\"https:\/\/tartuvalgus.ee\/wp-content\/uploads\/2024\/11\/54126204576_8b04c3d82a_k.jpg 2048w, https:\/\/tartuvalgus.ee\/wp-content\/uploads\/2024\/11\/54126204576_8b04c3d82a_k-300x200.jpg 300w, https:\/\/tartuvalgus.ee\/wp-content\/uploads\/2024\/11\/54126204576_8b04c3d82a_k-1024x683.jpg 1024w, https:\/\/tartuvalgus.ee\/wp-content\/uploads\/2024\/11\/54126204576_8b04c3d82a_k-768x512.jpg 768w, https:\/\/tartuvalgus.ee\/wp-content\/uploads\/2024\/11\/54126204576_8b04c3d82a_k-1536x1024.jpg 1536w, https:\/\/tartuvalgus.ee\/wp-content\/uploads\/2024\/11\/54126204576_8b04c3d82a_k-18x12.jpg 18w\" sizes=\"(max-width: 2048px) 100vw, 2048px\" \/><\/a><\/figure><div class=\"elementor-image-box-content\"><p class=\"elementor-image-box-description\">TEGEVUSED BOTAANIKAAIAS<\/p><\/div><\/div>\t\t<\/div>\n\t\t\t\t<\/div>\n\t\t\t\t<\/div>\n\t\t<div class=\"elementor-element elementor-element-5babc67 e-con-full e-flex e-con e-child\" data-id=\"5babc67\" data-element_type=\"container\">\n\t\t\t\t<div class=\"elementor-element elementor-element-4401b91 elementor-position-top elementor-widget elementor-widget-image-box\" data-id=\"4401b91\" data-element_type=\"widget\" data-widget_type=\"image-box.default\">\n\t\t\t\t<div class=\"elementor-widget-container\">\n\t\t\t<div class=\"elementor-image-box-wrapper\"><figure class=\"elementor-image-box-img\"><a href=\"https:\/\/tartuvalgus.ee\/en\/tootoad-toomemael\/\" tabindex=\"-1\"><img decoding=\"async\" width=\"1300\" height=\"867\" src=\"https:\/\/tartuvalgus.ee\/wp-content\/uploads\/2024\/10\/T_eesti_lounakulg.jpg\" class=\"attachment-full size-full wp-image-3800\" alt=\"\" srcset=\"https:\/\/tartuvalgus.ee\/wp-content\/uploads\/2024\/10\/T_eesti_lounakulg.jpg 1300w, https:\/\/tartuvalgus.ee\/wp-content\/uploads\/2024\/10\/T_eesti_lounakulg-300x200.jpg 300w, https:\/\/tartuvalgus.ee\/wp-content\/uploads\/2024\/10\/T_eesti_lounakulg-1024x683.jpg 1024w, https:\/\/tartuvalgus.ee\/wp-content\/uploads\/2024\/10\/T_eesti_lounakulg-768x512.jpg 768w, https:\/\/tartuvalgus.ee\/wp-content\/uploads\/2024\/10\/T_eesti_lounakulg-18x12.jpg 18w\" sizes=\"(max-width: 1300px) 100vw, 1300px\" \/><\/a><\/figure><div class=\"elementor-image-box-content\"><p class=\"elementor-image-box-description\">7-9\/11 ACTIVITIES ON TOOMEM\u00c4GI HILL<\/p><\/div><\/div>\t\t<\/div>\n\t\t\t\t<\/div>\n\t\t\t\t<\/div>\n\t\t\t\t\t<\/div>\n\t\t\t\t<\/div>\n\t\t\t\t<\/div>","protected":false},"excerpt":{"rendered":"<p>K\u00d5RVALPROGRAMM 2024 Tartu Valgusbiennaal I TAVA26 Tartu Valgusbiennaal 2026 on ettevalmistamisel.Programmi, osalejate ja toimumiskohtade info avalikustatakse peagi. Festivali korraldab MT\u00dc Valgusklubi. K\u00c4RBESTE M\u00c4SS TEGEVUSED BOTAANIKAAIAS 7-9\/11 TEGEVUSED TOOMEM\u00c4EL<\/p>","protected":false},"author":3,"featured_media":0,"parent":0,"menu_order":0,"comment_status":"closed","ping_status":"closed","template":"","meta":{"site-sidebar-layout":"no-sidebar","site-content-layout":"","ast-site-content-layout":"full-width-container","site-content-style":"default","site-sidebar-style":"default","ast-global-header-display":"","ast-banner-title-visibility":"","ast-main-header-display":"","ast-hfb-above-header-display":"","ast-hfb-below-header-display":"","ast-hfb-mobile-header-display":"","site-post-title":"disabled","ast-breadcrumbs-content":"","ast-featured-img":"disabled","footer-sml-layout":"","theme-transparent-header-meta":"","adv-header-id-meta":"","stick-header-meta":"","header-above-stick-meta":"","header-main-stick-meta":"","header-below-stick-meta":"","astra-migrate-meta-layouts":"default","ast-page-background-enabled":"default","ast-page-background-meta":{"desktop":{"background-color":"var(--ast-global-color-4)","background-image":"","background-repeat":"repeat","background-position":"center center","background-size":"auto","background-attachment":"scroll","background-type":"","background-media":"","overlay-type":"","overlay-color":"","overlay-opacity":"","overlay-gradient":""},"tablet":{"background-color":"","background-image":"","background-repeat":"repeat","background-position":"center center","background-size":"auto","background-attachment":"scroll","background-type":"","background-media":"","overlay-type":"","overlay-color":"","overlay-opacity":"","overlay-gradient":""},"mobile":{"background-color":"","background-image":"","background-repeat":"repeat","background-position":"center center","background-size":"auto","background-attachment":"scroll","background-type":"","background-media":"","overlay-type":"","overlay-color":"","overlay-opacity":"","overlay-gradient":""}},"ast-content-background-meta":{"desktop":{"background-color":"var(--ast-global-color-5)","background-image":"","background-repeat":"repeat","background-position":"center center","background-size":"auto","background-attachment":"scroll","background-type":"","background-media":"","overlay-type":"","overlay-color":"","overlay-opacity":"","overlay-gradient":""},"tablet":{"background-color":"var(--ast-global-color-5)","background-image":"","background-repeat":"repeat","background-position":"center center","background-size":"auto","background-attachment":"scroll","background-type":"","background-media":"","overlay-type":"","overlay-color":"","overlay-opacity":"","overlay-gradient":""},"mobile":{"background-color":"var(--ast-global-color-5)","background-image":"","background-repeat":"repeat","background-position":"center center","background-size":"auto","background-attachment":"scroll","background-type":"","background-media":"","overlay-type":"","overlay-color":"","overlay-opacity":"","overlay-gradient":""}},"footnotes":""},"class_list":["post-1637","page","type-page","status-publish","hentry"],"_links":{"self":[{"href":"https:\/\/tartuvalgus.ee\/en\/wp-json\/wp\/v2\/pages\/1637","targetHints":{"allow":["GET"]}}],"collection":[{"href":"https:\/\/tartuvalgus.ee\/en\/wp-json\/wp\/v2\/pages"}],"about":[{"href":"https:\/\/tartuvalgus.ee\/en\/wp-json\/wp\/v2\/types\/page"}],"author":[{"embeddable":true,"href":"https:\/\/tartuvalgus.ee\/en\/wp-json\/wp\/v2\/users\/3"}],"replies":[{"embeddable":true,"href":"https:\/\/tartuvalgus.ee\/en\/wp-json\/wp\/v2\/comments?post=1637"}],"version-history":[{"count":31,"href":"https:\/\/tartuvalgus.ee\/en\/wp-json\/wp\/v2\/pages\/1637\/revisions"}],"predecessor-version":[{"id":4559,"href":"https:\/\/tartuvalgus.ee\/en\/wp-json\/wp\/v2\/pages\/1637\/revisions\/4559"}],"wp:attachment":[{"href":"https:\/\/tartuvalgus.ee\/en\/wp-json\/wp\/v2\/media?parent=1637"}],"curies":[{"name":"wp","href":"https:\/\/api.w.org\/{rel}","templated":true}]}}